{"id":172,"date":"2023-01-30T13:06:18","date_gmt":"2023-01-30T13:06:18","guid":{"rendered":"https:\/\/uabdtc.lt\/?post_type=product&#038;p=172"},"modified":"2023-01-30T13:44:36","modified_gmt":"2023-01-30T13:44:36","slug":"membraniniai-duju-skaitikliai-acd-g10-g16-g25-g40-g65-g100","status":"publish","type":"product","link":"https:\/\/uabdtc.lt\/index.php\/produktas\/membraniniai-duju-skaitikliai-acd-g10-g16-g25-g40-g65-g100\/","title":{"rendered":"Membraniniai duj\u0173 skaitikliai ACD G10-G16, G25-G40, G65-G100"},"content":{"rendered":"<p><img loading=\"lazy\" decoding=\"async\" class=\"alignnone size-medium wp-image-173\" src=\"https:\/\/uabdtc.lt\/wp-content\/uploads\/2023\/01\/Picture1-300x300.jpg\" alt=\"\" width=\"300\" height=\"300\" srcset=\"https:\/\/uabdtc.lt\/wp-content\/uploads\/2023\/01\/Picture1-300x300.jpg 300w, https:\/\/uabdtc.lt\/wp-content\/uploads\/2023\/01\/Picture1-100x100.jpg 100w, https:\/\/uabdtc.lt\/wp-content\/uploads\/2023\/01\/Picture1-150x150.jpg 150w, https:\/\/uabdtc.lt\/wp-content\/uploads\/2023\/01\/Picture1.jpg 400w\" sizes=\"auto, (max-width: 300px) 100vw, 300px\" \/><\/p>\n<p>Membraniniai duj\u0173 skaitikliai ACD G10-G16, G25-G40, G65-G100. ACD G10-G16, G25-G100 skaitikli\u0173 asortimentas pasi\u017eymi matavimo tikslumu ir ilgaam\u017ei\u0161kumu. Galimi iki 160 m\u00b3\/h dyd\u017eio ir iki 1 baro sl\u0117gio dyd\u017eio. J\u0173 eksploatavimo trukm\u0117 &#8211; apie 20 met\u0173 ir jie yra patvirtinti naudoti fiskalin\u0117ms reikm\u0117ms. Naujausias \u0161io asortimento modelis &#8211; kompakti\u0161ko dyd\u017eio ACD G10-G16 \u0161eimos skaitikliai.<\/p>\n","protected":false},"excerpt":{"rendered":"<p>Membraniniai duj\u0173 skaitikliai ACD G10-G16, G25-G40, G65-G100. ACD G10-G16, G25-G100 skaitikli\u0173 asortimentas pasi\u017eymi matavimo tikslumu ir ilgaam\u017ei\u0161kumu. Galimi iki 160 m\u00b3\/h dyd\u017eio ir iki 1 baro sl\u0117gio dyd\u017eio. J\u0173 eksploatavimo trukm\u0117 &#8211; apie 20 met\u0173 ir jie yra patvirtinti naudoti fiskalin\u0117ms reikm\u0117ms. Naujausias \u0161io asortimento modelis &#8211; kompakti\u0161ko dyd\u017eio ACD G10-G16 \u0161eimos skaitikliai.<\/p>\n","protected":false},"featured_media":173,"template":"","meta":{"neve_meta_sidebar":"","neve_meta_container":"","neve_meta_enable_content_width":"off","neve_meta_content_width":100,"neve_meta_title_alignment":"","neve_meta_author_avatar":"","neve_post_elements_order":"","neve_meta_disable_header":"","neve_meta_disable_footer":"","neve_meta_disable_title":""},"product_brand":[],"product_cat":[20],"product_tag":[],"class_list":{"0":"post-172","1":"product","2":"type-product","3":"status-publish","4":"has-post-thumbnail","6":"product_cat-buitiniai-ir-pramoniniai-duju-skaitikliai","8":"first","9":"instock","10":"shipping-taxable","11":"product-type-simple"},"yoast_head":"<!-- This site is optimized with the Yoast SEO plugin v27.3 - https:\/\/yoast.com\/product\/yoast-seo-wordpress\/ -->\n<title>Membraniniai duj\u0173 skaitikliai ACD G10-G16, G25-G40, G65-G100 - Duj\u0173 technikos centras<\/title>\n<meta name=\"robots\" content=\"index, follow, max-snippet:-1, max-image-preview:large, max-video-preview:-1\" \/>\n<link rel=\"canonical\" href=\"https:\/\/uabdtc.lt\/index.php\/produktas\/membraniniai-duju-skaitikliai-acd-g10-g16-g25-g40-g65-g100\/\" \/>\n<meta property=\"og:locale\" content=\"lt_LT\" \/>\n<meta property=\"og:type\" content=\"article\" \/>\n<meta property=\"og:title\" content=\"Membraniniai duj\u0173 skaitikliai ACD G10-G16, G25-G40, G65-G100 - Duj\u0173 technikos centras\" \/>\n<meta property=\"og:description\" content=\"Membraniniai duj\u0173 skaitikliai ACD G10-G16, G25-G40, G65-G100. ACD G10-G16, G25-G100 skaitikli\u0173 asortimentas pasi\u017eymi matavimo tikslumu ir ilgaam\u017ei\u0161kumu. Galimi iki 160 m\u00b3\/h dyd\u017eio ir iki 1 baro sl\u0117gio dyd\u017eio. J\u0173 eksploatavimo trukm\u0117 &#8211; apie 20 met\u0173 ir jie yra patvirtinti naudoti fiskalin\u0117ms reikm\u0117ms. Naujausias \u0161io asortimento modelis &#8211; kompakti\u0161ko dyd\u017eio ACD G10-G16 \u0161eimos skaitikliai.\" \/>\n<meta property=\"og:url\" content=\"https:\/\/uabdtc.lt\/index.php\/produktas\/membraniniai-duju-skaitikliai-acd-g10-g16-g25-g40-g65-g100\/\" \/>\n<meta property=\"og:site_name\" content=\"Duj\u0173 technikos centras\" \/>\n<meta property=\"article:modified_time\" content=\"2023-01-30T13:44:36+00:00\" \/>\n<meta property=\"og:image\" content=\"https:\/\/uabdtc.lt\/wp-content\/uploads\/2023\/01\/Picture1.jpg\" \/>\n\t<meta property=\"og:image:width\" content=\"400\" \/>\n\t<meta property=\"og:image:height\" content=\"400\" \/>\n\t<meta property=\"og:image:type\" content=\"image\/jpeg\" \/>\n<meta name=\"twitter:card\" content=\"summary_large_image\" \/>\n<meta name=\"twitter:label1\" content=\"Est. reading time\" \/>\n\t<meta name=\"twitter:data1\" content=\"1 minut\u0117\" \/>\n<script type=\"application\/ld+json\" class=\"yoast-schema-graph\">{\"@context\":\"https:\\\/\\\/schema.org\",\"@graph\":[{\"@type\":\"WebPage\",\"@id\":\"https:\\\/\\\/uabdtc.lt\\\/index.php\\\/produktas\\\/membraniniai-duju-skaitikliai-acd-g10-g16-g25-g40-g65-g100\\\/\",\"url\":\"https:\\\/\\\/uabdtc.lt\\\/index.php\\\/produktas\\\/membraniniai-duju-skaitikliai-acd-g10-g16-g25-g40-g65-g100\\\/\",\"name\":\"Membraniniai duj\u0173 skaitikliai ACD G10-G16, G25-G40, G65-G100 - Duj\u0173 technikos centras\",\"isPartOf\":{\"@id\":\"https:\\\/\\\/uabdtc.lt\\\/#website\"},\"primaryImageOfPage\":{\"@id\":\"https:\\\/\\\/uabdtc.lt\\\/index.php\\\/produktas\\\/membraniniai-duju-skaitikliai-acd-g10-g16-g25-g40-g65-g100\\\/#primaryimage\"},\"image\":{\"@id\":\"https:\\\/\\\/uabdtc.lt\\\/index.php\\\/produktas\\\/membraniniai-duju-skaitikliai-acd-g10-g16-g25-g40-g65-g100\\\/#primaryimage\"},\"thumbnailUrl\":\"https:\\\/\\\/uabdtc.lt\\\/wp-content\\\/uploads\\\/2023\\\/01\\\/Picture1.jpg\",\"datePublished\":\"2023-01-30T13:06:18+00:00\",\"dateModified\":\"2023-01-30T13:44:36+00:00\",\"breadcrumb\":{\"@id\":\"https:\\\/\\\/uabdtc.lt\\\/index.php\\\/produktas\\\/membraniniai-duju-skaitikliai-acd-g10-g16-g25-g40-g65-g100\\\/#breadcrumb\"},\"inLanguage\":\"lt-LT\",\"potentialAction\":[{\"@type\":\"ReadAction\",\"target\":[\"https:\\\/\\\/uabdtc.lt\\\/index.php\\\/produktas\\\/membraniniai-duju-skaitikliai-acd-g10-g16-g25-g40-g65-g100\\\/\"]}]},{\"@type\":\"ImageObject\",\"inLanguage\":\"lt-LT\",\"@id\":\"https:\\\/\\\/uabdtc.lt\\\/index.php\\\/produktas\\\/membraniniai-duju-skaitikliai-acd-g10-g16-g25-g40-g65-g100\\\/#primaryimage\",\"url\":\"https:\\\/\\\/uabdtc.lt\\\/wp-content\\\/uploads\\\/2023\\\/01\\\/Picture1.jpg\",\"contentUrl\":\"https:\\\/\\\/uabdtc.lt\\\/wp-content\\\/uploads\\\/2023\\\/01\\\/Picture1.jpg\",\"width\":400,\"height\":400},{\"@type\":\"BreadcrumbList\",\"@id\":\"https:\\\/\\\/uabdtc.lt\\\/index.php\\\/produktas\\\/membraniniai-duju-skaitikliai-acd-g10-g16-g25-g40-g65-g100\\\/#breadcrumb\",\"itemListElement\":[{\"@type\":\"ListItem\",\"position\":1,\"name\":\"Home\",\"item\":\"https:\\\/\\\/uabdtc.lt\\\/\"},{\"@type\":\"ListItem\",\"position\":2,\"name\":\"Parduotuv\u0117\",\"item\":\"https:\\\/\\\/uabdtc.lt\\\/index.php\\\/parduotuve\\\/\"},{\"@type\":\"ListItem\",\"position\":3,\"name\":\"Membraniniai duj\u0173 skaitikliai ACD G10-G16, G25-G40, G65-G100\"}]},{\"@type\":\"WebSite\",\"@id\":\"https:\\\/\\\/uabdtc.lt\\\/#website\",\"url\":\"https:\\\/\\\/uabdtc.lt\\\/\",\"name\":\"Duj\u0173 technikos centras\",\"description\":\"\",\"publisher\":{\"@id\":\"https:\\\/\\\/uabdtc.lt\\\/#organization\"},\"potentialAction\":[{\"@type\":\"SearchAction\",\"target\":{\"@type\":\"EntryPoint\",\"urlTemplate\":\"https:\\\/\\\/uabdtc.lt\\\/?s={search_term_string}\"},\"query-input\":{\"@type\":\"PropertyValueSpecification\",\"valueRequired\":true,\"valueName\":\"search_term_string\"}}],\"inLanguage\":\"lt-LT\"},{\"@type\":\"Organization\",\"@id\":\"https:\\\/\\\/uabdtc.lt\\\/#organization\",\"name\":\"Duj\u0173 technikos centras\",\"url\":\"https:\\\/\\\/uabdtc.lt\\\/\",\"logo\":{\"@type\":\"ImageObject\",\"inLanguage\":\"lt-LT\",\"@id\":\"https:\\\/\\\/uabdtc.lt\\\/#\\\/schema\\\/logo\\\/image\\\/\",\"url\":\"\",\"contentUrl\":\"\",\"caption\":\"Duj\u0173 technikos centras\"},\"image\":{\"@id\":\"https:\\\/\\\/uabdtc.lt\\\/#\\\/schema\\\/logo\\\/image\\\/\"}}]}<\/script>\n<!-- \/ Yoast SEO plugin. -->","yoast_head_json":{"title":"Membraniniai duj\u0173 skaitikliai ACD G10-G16, G25-G40, G65-G100 - Duj\u0173 technikos centras","robots":{"index":"index","follow":"follow","max-snippet":"max-snippet:-1","max-image-preview":"max-image-preview:large","max-video-preview":"max-video-preview:-1"},"canonical":"https:\/\/uabdtc.lt\/index.php\/produktas\/membraniniai-duju-skaitikliai-acd-g10-g16-g25-g40-g65-g100\/","og_locale":"lt_LT","og_type":"article","og_title":"Membraniniai duj\u0173 skaitikliai ACD G10-G16, G25-G40, G65-G100 - Duj\u0173 technikos centras","og_description":"Membraniniai duj\u0173 skaitikliai ACD G10-G16, G25-G40, G65-G100. ACD G10-G16, G25-G100 skaitikli\u0173 asortimentas pasi\u017eymi matavimo tikslumu ir ilgaam\u017ei\u0161kumu. Galimi iki 160 m\u00b3\/h dyd\u017eio ir iki 1 baro sl\u0117gio dyd\u017eio. J\u0173 eksploatavimo trukm\u0117 &#8211; apie 20 met\u0173 ir jie yra patvirtinti naudoti fiskalin\u0117ms reikm\u0117ms. Naujausias \u0161io asortimento modelis &#8211; kompakti\u0161ko dyd\u017eio ACD G10-G16 \u0161eimos skaitikliai.","og_url":"https:\/\/uabdtc.lt\/index.php\/produktas\/membraniniai-duju-skaitikliai-acd-g10-g16-g25-g40-g65-g100\/","og_site_name":"Duj\u0173 technikos centras","article_modified_time":"2023-01-30T13:44:36+00:00","og_image":[{"width":400,"height":400,"url":"https:\/\/uabdtc.lt\/wp-content\/uploads\/2023\/01\/Picture1.jpg","type":"image\/jpeg"}],"twitter_card":"summary_large_image","twitter_misc":{"Est. reading time":"1 minut\u0117"},"schema":{"@context":"https:\/\/schema.org","@graph":[{"@type":"WebPage","@id":"https:\/\/uabdtc.lt\/index.php\/produktas\/membraniniai-duju-skaitikliai-acd-g10-g16-g25-g40-g65-g100\/","url":"https:\/\/uabdtc.lt\/index.php\/produktas\/membraniniai-duju-skaitikliai-acd-g10-g16-g25-g40-g65-g100\/","name":"Membraniniai duj\u0173 skaitikliai ACD G10-G16, G25-G40, G65-G100 - Duj\u0173 technikos centras","isPartOf":{"@id":"https:\/\/uabdtc.lt\/#website"},"primaryImageOfPage":{"@id":"https:\/\/uabdtc.lt\/index.php\/produktas\/membraniniai-duju-skaitikliai-acd-g10-g16-g25-g40-g65-g100\/#primaryimage"},"image":{"@id":"https:\/\/uabdtc.lt\/index.php\/produktas\/membraniniai-duju-skaitikliai-acd-g10-g16-g25-g40-g65-g100\/#primaryimage"},"thumbnailUrl":"https:\/\/uabdtc.lt\/wp-content\/uploads\/2023\/01\/Picture1.jpg","datePublished":"2023-01-30T13:06:18+00:00","dateModified":"2023-01-30T13:44:36+00:00","breadcrumb":{"@id":"https:\/\/uabdtc.lt\/index.php\/produktas\/membraniniai-duju-skaitikliai-acd-g10-g16-g25-g40-g65-g100\/#breadcrumb"},"inLanguage":"lt-LT","potentialAction":[{"@type":"ReadAction","target":["https:\/\/uabdtc.lt\/index.php\/produktas\/membraniniai-duju-skaitikliai-acd-g10-g16-g25-g40-g65-g100\/"]}]},{"@type":"ImageObject","inLanguage":"lt-LT","@id":"https:\/\/uabdtc.lt\/index.php\/produktas\/membraniniai-duju-skaitikliai-acd-g10-g16-g25-g40-g65-g100\/#primaryimage","url":"https:\/\/uabdtc.lt\/wp-content\/uploads\/2023\/01\/Picture1.jpg","contentUrl":"https:\/\/uabdtc.lt\/wp-content\/uploads\/2023\/01\/Picture1.jpg","width":400,"height":400},{"@type":"BreadcrumbList","@id":"https:\/\/uabdtc.lt\/index.php\/produktas\/membraniniai-duju-skaitikliai-acd-g10-g16-g25-g40-g65-g100\/#breadcrumb","itemListElement":[{"@type":"ListItem","position":1,"name":"Home","item":"https:\/\/uabdtc.lt\/"},{"@type":"ListItem","position":2,"name":"Parduotuv\u0117","item":"https:\/\/uabdtc.lt\/index.php\/parduotuve\/"},{"@type":"ListItem","position":3,"name":"Membraniniai duj\u0173 skaitikliai ACD G10-G16, G25-G40, G65-G100"}]},{"@type":"WebSite","@id":"https:\/\/uabdtc.lt\/#website","url":"https:\/\/uabdtc.lt\/","name":"Duj\u0173 technikos centras","description":"","publisher":{"@id":"https:\/\/uabdtc.lt\/#organization"},"potentialAction":[{"@type":"SearchAction","target":{"@type":"EntryPoint","urlTemplate":"https:\/\/uabdtc.lt\/?s={search_term_string}"},"query-input":{"@type":"PropertyValueSpecification","valueRequired":true,"valueName":"search_term_string"}}],"inLanguage":"lt-LT"},{"@type":"Organization","@id":"https:\/\/uabdtc.lt\/#organization","name":"Duj\u0173 technikos centras","url":"https:\/\/uabdtc.lt\/","logo":{"@type":"ImageObject","inLanguage":"lt-LT","@id":"https:\/\/uabdtc.lt\/#\/schema\/logo\/image\/","url":"","contentUrl":"","caption":"Duj\u0173 technikos centras"},"image":{"@id":"https:\/\/uabdtc.lt\/#\/schema\/logo\/image\/"}}]}},"_links":{"self":[{"href":"https:\/\/uabdtc.lt\/index.php\/wp-json\/wp\/v2\/product\/172","targetHints":{"allow":["GET"]}}],"collection":[{"href":"https:\/\/uabdtc.lt\/index.php\/wp-json\/wp\/v2\/product"}],"about":[{"href":"https:\/\/uabdtc.lt\/index.php\/wp-json\/wp\/v2\/types\/product"}],"wp:featuredmedia":[{"embeddable":true,"href":"https:\/\/uabdtc.lt\/index.php\/wp-json\/wp\/v2\/media\/173"}],"wp:attachment":[{"href":"https:\/\/uabdtc.lt\/index.php\/wp-json\/wp\/v2\/media?parent=172"}],"wp:term":[{"taxonomy":"product_brand","embeddable":true,"href":"https:\/\/uabdtc.lt\/index.php\/wp-json\/wp\/v2\/product_brand?post=172"},{"taxonomy":"product_cat","embeddable":true,"href":"https:\/\/uabdtc.lt\/index.php\/wp-json\/wp\/v2\/product_cat?post=172"},{"taxonomy":"product_tag","embeddable":true,"href":"https:\/\/uabdtc.lt\/index.php\/wp-json\/wp\/v2\/product_tag?post=172"}],"curies":[{"name":"wp","href":"https:\/\/api.w.org\/{rel}","templated":true}]}}