{"id":191,"date":"2023-01-30T13:41:55","date_gmt":"2023-01-30T13:41:55","guid":{"rendered":"https:\/\/uabdtc.lt\/?post_type=product&#038;p=191"},"modified":"2023-01-30T13:43:43","modified_gmt":"2023-01-30T13:43:43","slug":"corus-evo-elektroninis-duju-turio-korektorius","status":"publish","type":"product","link":"https:\/\/uabdtc.lt\/index.php\/produktas\/corus-evo-elektroninis-duju-turio-korektorius\/","title":{"rendered":"&#8222;Corus Evo+&#8221; elektroninis duj\u0173 t\u016brio korektorius"},"content":{"rendered":"","protected":false},"excerpt":{"rendered":"<p>&#8222;Corus Evo+&#8221; &#8211; tai elektroninis duj\u0173 t\u016brio korektorius, skirtas komerciniams ir pramoniniams gamtini\u0173 duj\u0173 \u012frenginiams. Matuodamas temperat\u016br\u0105 ir sl\u0117g\u012f pagal duj\u0173 sraut\u0105 skaitiklyje, &#8222;Corus Evo+&#8221; pateikia itin tikslius duomenis, kurie pagerina komunalini\u0173 paslaug\u0173 ir duj\u0173 tiek\u0117j\u0173 s\u0105skait\u0173 tikslum\u0105. Tur\u0117damas auk\u0161\u010diausio tikslumo sertifikatus, supaprastint\u0105 technin\u0119 prie\u017ei\u016br\u0105, &#8222;Corus Evo+&#8221; yra pagrindinis patikimo duj\u0173 tiekimo sprendimo, komponentas.<\/p>\n","protected":false},"featured_media":192,"template":"","meta":{"neve_meta_sidebar":"","neve_meta_container":"","neve_meta_enable_content_width":"off","neve_meta_content_width":100,"neve_meta_title_alignment":"","neve_meta_author_avatar":"","neve_post_elements_order":"","neve_meta_disable_header":"","neve_meta_disable_footer":"","neve_meta_disable_title":""},"product_brand":[],"product_cat":[20],"product_tag":[],"class_list":{"0":"post-191","1":"product","2":"type-product","3":"status-publish","4":"has-post-thumbnail","6":"product_cat-buitiniai-ir-pramoniniai-duju-skaitikliai","8":"first","9":"instock","10":"shipping-taxable","11":"product-type-simple"},"yoast_head":"<!-- This site is optimized with the Yoast SEO plugin v27.3 - https:\/\/yoast.com\/product\/yoast-seo-wordpress\/ -->\n<title>&quot;Corus Evo+&quot; elektroninis duj\u0173 t\u016brio korektorius - Duj\u0173 technikos centras<\/title>\n<meta name=\"description\" content=\"&quot;Corus Evo+&quot; - tai elektroninis duj\u0173 t\u016brio korektorius, skirtas komerciniams ir pramoniniams gamtini\u0173 duj\u0173 \u012frenginiams. Matuodamas temperat\u016br\u0105 ir sl\u0117g\u012f pagal duj\u0173 sraut\u0105 skaitiklyje, &quot;Corus Evo+&quot; pateikia itin tikslius duomenis, kurie pagerina komunalini\u0173 paslaug\u0173 ir duj\u0173 tiek\u0117j\u0173 s\u0105skait\u0173 tikslum\u0105. Tur\u0117damas auk\u0161\u010diausio tikslumo sertifikatus, supaprastint\u0105 technin\u0119 prie\u017ei\u016br\u0105, &quot;Corus Evo+&quot; yra pagrindinis patikimo duj\u0173 tiekimo sprendimo, komponentas.\" \/>\n<meta name=\"robots\" content=\"index, follow, max-snippet:-1, max-image-preview:large, max-video-preview:-1\" \/>\n<link rel=\"canonical\" href=\"https:\/\/uabdtc.lt\/index.php\/produktas\/corus-evo-elektroninis-duju-turio-korektorius\/\" \/>\n<meta property=\"og:locale\" content=\"lt_LT\" \/>\n<meta property=\"og:type\" content=\"article\" \/>\n<meta property=\"og:title\" content=\"&quot;Corus Evo+&quot; elektroninis duj\u0173 t\u016brio korektorius - Duj\u0173 technikos centras\" \/>\n<meta property=\"og:description\" content=\"&quot;Corus Evo+&quot; - tai elektroninis duj\u0173 t\u016brio korektorius, skirtas komerciniams ir pramoniniams gamtini\u0173 duj\u0173 \u012frenginiams. Matuodamas temperat\u016br\u0105 ir sl\u0117g\u012f pagal duj\u0173 sraut\u0105 skaitiklyje, &quot;Corus Evo+&quot; pateikia itin tikslius duomenis, kurie pagerina komunalini\u0173 paslaug\u0173 ir duj\u0173 tiek\u0117j\u0173 s\u0105skait\u0173 tikslum\u0105. Tur\u0117damas auk\u0161\u010diausio tikslumo sertifikatus, supaprastint\u0105 technin\u0119 prie\u017ei\u016br\u0105, &quot;Corus Evo+&quot; yra pagrindinis patikimo duj\u0173 tiekimo sprendimo, komponentas.\" \/>\n<meta property=\"og:url\" content=\"https:\/\/uabdtc.lt\/index.php\/produktas\/corus-evo-elektroninis-duju-turio-korektorius\/\" \/>\n<meta property=\"og:site_name\" content=\"Duj\u0173 technikos centras\" \/>\n<meta property=\"article:modified_time\" content=\"2023-01-30T13:43:43+00:00\" \/>\n<meta property=\"og:image\" content=\"https:\/\/uabdtc.lt\/wp-content\/uploads\/2023\/01\/Picture5.jpg\" \/>\n\t<meta property=\"og:image:width\" content=\"380\" \/>\n\t<meta property=\"og:image:height\" content=\"380\" \/>\n\t<meta property=\"og:image:type\" content=\"image\/jpeg\" \/>\n<meta name=\"twitter:card\" content=\"summary_large_image\" \/>\n<script type=\"application\/ld+json\" class=\"yoast-schema-graph\">{\"@context\":\"https:\\\/\\\/schema.org\",\"@graph\":[{\"@type\":\"WebPage\",\"@id\":\"https:\\\/\\\/uabdtc.lt\\\/index.php\\\/produktas\\\/corus-evo-elektroninis-duju-turio-korektorius\\\/\",\"url\":\"https:\\\/\\\/uabdtc.lt\\\/index.php\\\/produktas\\\/corus-evo-elektroninis-duju-turio-korektorius\\\/\",\"name\":\"\\\"Corus Evo+\\\" elektroninis duj\u0173 t\u016brio korektorius - Duj\u0173 technikos centras\",\"isPartOf\":{\"@id\":\"https:\\\/\\\/uabdtc.lt\\\/#website\"},\"primaryImageOfPage\":{\"@id\":\"https:\\\/\\\/uabdtc.lt\\\/index.php\\\/produktas\\\/corus-evo-elektroninis-duju-turio-korektorius\\\/#primaryimage\"},\"image\":{\"@id\":\"https:\\\/\\\/uabdtc.lt\\\/index.php\\\/produktas\\\/corus-evo-elektroninis-duju-turio-korektorius\\\/#primaryimage\"},\"thumbnailUrl\":\"https:\\\/\\\/uabdtc.lt\\\/wp-content\\\/uploads\\\/2023\\\/01\\\/Picture5.jpg\",\"datePublished\":\"2023-01-30T13:41:55+00:00\",\"dateModified\":\"2023-01-30T13:43:43+00:00\",\"description\":\"\\\"Corus Evo+\\\" - tai elektroninis duj\u0173 t\u016brio korektorius, skirtas komerciniams ir pramoniniams gamtini\u0173 duj\u0173 \u012frenginiams. Matuodamas temperat\u016br\u0105 ir sl\u0117g\u012f pagal duj\u0173 sraut\u0105 skaitiklyje, \\\"Corus Evo+\\\" pateikia itin tikslius duomenis, kurie pagerina komunalini\u0173 paslaug\u0173 ir duj\u0173 tiek\u0117j\u0173 s\u0105skait\u0173 tikslum\u0105. Tur\u0117damas auk\u0161\u010diausio tikslumo sertifikatus, supaprastint\u0105 technin\u0119 prie\u017ei\u016br\u0105, \\\"Corus Evo+\\\" yra pagrindinis patikimo duj\u0173 tiekimo sprendimo, komponentas.\",\"breadcrumb\":{\"@id\":\"https:\\\/\\\/uabdtc.lt\\\/index.php\\\/produktas\\\/corus-evo-elektroninis-duju-turio-korektorius\\\/#breadcrumb\"},\"inLanguage\":\"lt-LT\",\"potentialAction\":[{\"@type\":\"ReadAction\",\"target\":[\"https:\\\/\\\/uabdtc.lt\\\/index.php\\\/produktas\\\/corus-evo-elektroninis-duju-turio-korektorius\\\/\"]}]},{\"@type\":\"ImageObject\",\"inLanguage\":\"lt-LT\",\"@id\":\"https:\\\/\\\/uabdtc.lt\\\/index.php\\\/produktas\\\/corus-evo-elektroninis-duju-turio-korektorius\\\/#primaryimage\",\"url\":\"https:\\\/\\\/uabdtc.lt\\\/wp-content\\\/uploads\\\/2023\\\/01\\\/Picture5.jpg\",\"contentUrl\":\"https:\\\/\\\/uabdtc.lt\\\/wp-content\\\/uploads\\\/2023\\\/01\\\/Picture5.jpg\",\"width\":380,\"height\":380},{\"@type\":\"BreadcrumbList\",\"@id\":\"https:\\\/\\\/uabdtc.lt\\\/index.php\\\/produktas\\\/corus-evo-elektroninis-duju-turio-korektorius\\\/#breadcrumb\",\"itemListElement\":[{\"@type\":\"ListItem\",\"position\":1,\"name\":\"Home\",\"item\":\"https:\\\/\\\/uabdtc.lt\\\/\"},{\"@type\":\"ListItem\",\"position\":2,\"name\":\"Parduotuv\u0117\",\"item\":\"https:\\\/\\\/uabdtc.lt\\\/index.php\\\/parduotuve\\\/\"},{\"@type\":\"ListItem\",\"position\":3,\"name\":\"&#8222;Corus Evo+&#8221; elektroninis duj\u0173 t\u016brio korektorius\"}]},{\"@type\":\"WebSite\",\"@id\":\"https:\\\/\\\/uabdtc.lt\\\/#website\",\"url\":\"https:\\\/\\\/uabdtc.lt\\\/\",\"name\":\"Duj\u0173 technikos centras\",\"description\":\"\",\"publisher\":{\"@id\":\"https:\\\/\\\/uabdtc.lt\\\/#organization\"},\"potentialAction\":[{\"@type\":\"SearchAction\",\"target\":{\"@type\":\"EntryPoint\",\"urlTemplate\":\"https:\\\/\\\/uabdtc.lt\\\/?s={search_term_string}\"},\"query-input\":{\"@type\":\"PropertyValueSpecification\",\"valueRequired\":true,\"valueName\":\"search_term_string\"}}],\"inLanguage\":\"lt-LT\"},{\"@type\":\"Organization\",\"@id\":\"https:\\\/\\\/uabdtc.lt\\\/#organization\",\"name\":\"Duj\u0173 technikos centras\",\"url\":\"https:\\\/\\\/uabdtc.lt\\\/\",\"logo\":{\"@type\":\"ImageObject\",\"inLanguage\":\"lt-LT\",\"@id\":\"https:\\\/\\\/uabdtc.lt\\\/#\\\/schema\\\/logo\\\/image\\\/\",\"url\":\"\",\"contentUrl\":\"\",\"caption\":\"Duj\u0173 technikos centras\"},\"image\":{\"@id\":\"https:\\\/\\\/uabdtc.lt\\\/#\\\/schema\\\/logo\\\/image\\\/\"}}]}<\/script>\n<!-- \/ Yoast SEO plugin. -->","yoast_head_json":{"title":"\"Corus Evo+\" elektroninis duj\u0173 t\u016brio korektorius - Duj\u0173 technikos centras","description":"\"Corus Evo+\" - tai elektroninis duj\u0173 t\u016brio korektorius, skirtas komerciniams ir pramoniniams gamtini\u0173 duj\u0173 \u012frenginiams. Matuodamas temperat\u016br\u0105 ir sl\u0117g\u012f pagal duj\u0173 sraut\u0105 skaitiklyje, \"Corus Evo+\" pateikia itin tikslius duomenis, kurie pagerina komunalini\u0173 paslaug\u0173 ir duj\u0173 tiek\u0117j\u0173 s\u0105skait\u0173 tikslum\u0105. Tur\u0117damas auk\u0161\u010diausio tikslumo sertifikatus, supaprastint\u0105 technin\u0119 prie\u017ei\u016br\u0105, \"Corus Evo+\" yra pagrindinis patikimo duj\u0173 tiekimo sprendimo, komponentas.","robots":{"index":"index","follow":"follow","max-snippet":"max-snippet:-1","max-image-preview":"max-image-preview:large","max-video-preview":"max-video-preview:-1"},"canonical":"https:\/\/uabdtc.lt\/index.php\/produktas\/corus-evo-elektroninis-duju-turio-korektorius\/","og_locale":"lt_LT","og_type":"article","og_title":"\"Corus Evo+\" elektroninis duj\u0173 t\u016brio korektorius - Duj\u0173 technikos centras","og_description":"\"Corus Evo+\" - tai elektroninis duj\u0173 t\u016brio korektorius, skirtas komerciniams ir pramoniniams gamtini\u0173 duj\u0173 \u012frenginiams. Matuodamas temperat\u016br\u0105 ir sl\u0117g\u012f pagal duj\u0173 sraut\u0105 skaitiklyje, \"Corus Evo+\" pateikia itin tikslius duomenis, kurie pagerina komunalini\u0173 paslaug\u0173 ir duj\u0173 tiek\u0117j\u0173 s\u0105skait\u0173 tikslum\u0105. Tur\u0117damas auk\u0161\u010diausio tikslumo sertifikatus, supaprastint\u0105 technin\u0119 prie\u017ei\u016br\u0105, \"Corus Evo+\" yra pagrindinis patikimo duj\u0173 tiekimo sprendimo, komponentas.","og_url":"https:\/\/uabdtc.lt\/index.php\/produktas\/corus-evo-elektroninis-duju-turio-korektorius\/","og_site_name":"Duj\u0173 technikos centras","article_modified_time":"2023-01-30T13:43:43+00:00","og_image":[{"width":380,"height":380,"url":"https:\/\/uabdtc.lt\/wp-content\/uploads\/2023\/01\/Picture5.jpg","type":"image\/jpeg"}],"twitter_card":"summary_large_image","schema":{"@context":"https:\/\/schema.org","@graph":[{"@type":"WebPage","@id":"https:\/\/uabdtc.lt\/index.php\/produktas\/corus-evo-elektroninis-duju-turio-korektorius\/","url":"https:\/\/uabdtc.lt\/index.php\/produktas\/corus-evo-elektroninis-duju-turio-korektorius\/","name":"\"Corus Evo+\" elektroninis duj\u0173 t\u016brio korektorius - Duj\u0173 technikos centras","isPartOf":{"@id":"https:\/\/uabdtc.lt\/#website"},"primaryImageOfPage":{"@id":"https:\/\/uabdtc.lt\/index.php\/produktas\/corus-evo-elektroninis-duju-turio-korektorius\/#primaryimage"},"image":{"@id":"https:\/\/uabdtc.lt\/index.php\/produktas\/corus-evo-elektroninis-duju-turio-korektorius\/#primaryimage"},"thumbnailUrl":"https:\/\/uabdtc.lt\/wp-content\/uploads\/2023\/01\/Picture5.jpg","datePublished":"2023-01-30T13:41:55+00:00","dateModified":"2023-01-30T13:43:43+00:00","description":"\"Corus Evo+\" - tai elektroninis duj\u0173 t\u016brio korektorius, skirtas komerciniams ir pramoniniams gamtini\u0173 duj\u0173 \u012frenginiams. Matuodamas temperat\u016br\u0105 ir sl\u0117g\u012f pagal duj\u0173 sraut\u0105 skaitiklyje, \"Corus Evo+\" pateikia itin tikslius duomenis, kurie pagerina komunalini\u0173 paslaug\u0173 ir duj\u0173 tiek\u0117j\u0173 s\u0105skait\u0173 tikslum\u0105. Tur\u0117damas auk\u0161\u010diausio tikslumo sertifikatus, supaprastint\u0105 technin\u0119 prie\u017ei\u016br\u0105, \"Corus Evo+\" yra pagrindinis patikimo duj\u0173 tiekimo sprendimo, komponentas.","breadcrumb":{"@id":"https:\/\/uabdtc.lt\/index.php\/produktas\/corus-evo-elektroninis-duju-turio-korektorius\/#breadcrumb"},"inLanguage":"lt-LT","potentialAction":[{"@type":"ReadAction","target":["https:\/\/uabdtc.lt\/index.php\/produktas\/corus-evo-elektroninis-duju-turio-korektorius\/"]}]},{"@type":"ImageObject","inLanguage":"lt-LT","@id":"https:\/\/uabdtc.lt\/index.php\/produktas\/corus-evo-elektroninis-duju-turio-korektorius\/#primaryimage","url":"https:\/\/uabdtc.lt\/wp-content\/uploads\/2023\/01\/Picture5.jpg","contentUrl":"https:\/\/uabdtc.lt\/wp-content\/uploads\/2023\/01\/Picture5.jpg","width":380,"height":380},{"@type":"BreadcrumbList","@id":"https:\/\/uabdtc.lt\/index.php\/produktas\/corus-evo-elektroninis-duju-turio-korektorius\/#breadcrumb","itemListElement":[{"@type":"ListItem","position":1,"name":"Home","item":"https:\/\/uabdtc.lt\/"},{"@type":"ListItem","position":2,"name":"Parduotuv\u0117","item":"https:\/\/uabdtc.lt\/index.php\/parduotuve\/"},{"@type":"ListItem","position":3,"name":"&#8222;Corus Evo+&#8221; elektroninis duj\u0173 t\u016brio korektorius"}]},{"@type":"WebSite","@id":"https:\/\/uabdtc.lt\/#website","url":"https:\/\/uabdtc.lt\/","name":"Duj\u0173 technikos centras","description":"","publisher":{"@id":"https:\/\/uabdtc.lt\/#organization"},"potentialAction":[{"@type":"SearchAction","target":{"@type":"EntryPoint","urlTemplate":"https:\/\/uabdtc.lt\/?s={search_term_string}"},"query-input":{"@type":"PropertyValueSpecification","valueRequired":true,"valueName":"search_term_string"}}],"inLanguage":"lt-LT"},{"@type":"Organization","@id":"https:\/\/uabdtc.lt\/#organization","name":"Duj\u0173 technikos centras","url":"https:\/\/uabdtc.lt\/","logo":{"@type":"ImageObject","inLanguage":"lt-LT","@id":"https:\/\/uabdtc.lt\/#\/schema\/logo\/image\/","url":"","contentUrl":"","caption":"Duj\u0173 technikos centras"},"image":{"@id":"https:\/\/uabdtc.lt\/#\/schema\/logo\/image\/"}}]}},"_links":{"self":[{"href":"https:\/\/uabdtc.lt\/index.php\/wp-json\/wp\/v2\/product\/191","targetHints":{"allow":["GET"]}}],"collection":[{"href":"https:\/\/uabdtc.lt\/index.php\/wp-json\/wp\/v2\/product"}],"about":[{"href":"https:\/\/uabdtc.lt\/index.php\/wp-json\/wp\/v2\/types\/product"}],"wp:featuredmedia":[{"embeddable":true,"href":"https:\/\/uabdtc.lt\/index.php\/wp-json\/wp\/v2\/media\/192"}],"wp:attachment":[{"href":"https:\/\/uabdtc.lt\/index.php\/wp-json\/wp\/v2\/media?parent=191"}],"wp:term":[{"taxonomy":"product_brand","embeddable":true,"href":"https:\/\/uabdtc.lt\/index.php\/wp-json\/wp\/v2\/product_brand?post=191"},{"taxonomy":"product_cat","embeddable":true,"href":"https:\/\/uabdtc.lt\/index.php\/wp-json\/wp\/v2\/product_cat?post=191"},{"taxonomy":"product_tag","embeddable":true,"href":"https:\/\/uabdtc.lt\/index.php\/wp-json\/wp\/v2\/product_tag?post=191"}],"curies":[{"name":"wp","href":"https:\/\/api.w.org\/{rel}","templated":true}]}}